{"id":74,"date":"2017-02-27T15:19:27","date_gmt":"2017-02-27T15:19:27","guid":{"rendered":"http:\/\/www.ecolecognition.com\/?page_id=74"},"modified":"2017-07-17T17:59:50","modified_gmt":"2017-07-17T17:59:50","slug":"plan-du-site","status":"publish","type":"page","link":"https:\/\/www.ecolecognition.com\/en\/plan-du-site\/","title":{"rendered":"Site map"},"content":{"rendered":"Are you looking for a specific page but don\u2019t know where to look?<\/p>\n<p>Here is a plan of the website with a structure of the menu:<\/p>\n\n<!-- Page-list plugin v.4.5 wordpress.org\/plugins\/page-list\/ -->\n<ul class=\"page-list \">\n<li class=\"page_item page-item-6\"><a href=\"https:\/\/www.ecolecognition.com\/en\/\">Home<\/a><\/li>\n<li class=\"page_item page-item-29 page_item_has_children\"><a href=\"https:\/\/www.ecolecognition.com\/en\/notre-ecole\/\">OUR SCHOOL<\/a>\n<ul class='children'>\n\t<li class=\"page_item page-item-32\"><a href=\"https:\/\/www.ecolecognition.com\/en\/notre-ecole\/le-modele-cognitif\/\">The cognitive model<\/a><\/li>\n\t<li class=\"page_item page-item-34\"><a href=\"https:\/\/www.ecolecognition.com\/en\/notre-ecole\/les-professionnels\/\">The professionals<\/a><\/li>\n\t<li class=\"page_item page-item-36\"><a href=\"https:\/\/www.ecolecognition.com\/en\/notre-ecole\/la-recherche\/\">Research<\/a><\/li>\n\t<li class=\"page_item page-item-41\"><a href=\"https:\/\/www.ecolecognition.com\/en\/notre-ecole\/les-valeurs\/\">Our values<\/a><\/li>\n<\/ul>\n<\/li>\n<li class=\"page_item page-item-45 page_item_has_children\"><a href=\"https:\/\/www.ecolecognition.com\/en\/les-classes\/\">THE CLASSES<\/a>\n<ul class='children'>\n\t<li class=\"page_item page-item-118\"><a href=\"https:\/\/www.ecolecognition.com\/en\/les-classes\/intervention-precoce\/\">Early intervention<\/a><\/li>\n\t<li class=\"page_item page-item-47\"><a href=\"https:\/\/www.ecolecognition.com\/en\/les-classes\/precoce-et-individuel\/\">Individual programmes<\/a><\/li>\n\t<li class=\"page_item page-item-51 page_item_has_children\"><a href=\"https:\/\/www.ecolecognition.com\/en\/les-classes\/organisation-des-classes\/\">Class Groups<\/a>\n\t<ul class='children'>\n\t\t<li class=\"page_item page-item-179\"><a href=\"https:\/\/www.ecolecognition.com\/en\/les-classes\/organisation-des-classes\/organisation-des-classes\/\">Class organisation<\/a><\/li>\n\t\t<li class=\"page_item page-item-146\"><a href=\"https:\/\/www.ecolecognition.com\/en\/les-classes\/organisation-des-classes\/programme-superbigou\/\">Superbigou Programme<\/a><\/li>\n\t\t<li class=\"page_item page-item-148\"><a href=\"https:\/\/www.ecolecognition.com\/en\/les-classes\/organisation-des-classes\/programme-boreas\/\">Bor\u00e9as programme<\/a><\/li>\n\t\t<li class=\"page_item page-item-150\"><a href=\"https:\/\/www.ecolecognition.com\/en\/les-classes\/organisation-des-classes\/programme-groupe-mer\/\">The \u201cSea\u201d Group Programme<\/a><\/li>\n\t<\/ul>\n<\/li>\n\t<li class=\"page_item page-item-49\"><a href=\"https:\/\/www.ecolecognition.com\/en\/les-classes\/temps-complet-ou-complementaire\/\">Full-time or complementary<\/a><\/li>\n\t<li class=\"page_item page-item-592\"><a href=\"https:\/\/www.ecolecognition.com\/en\/les-classes\/activites-physiques-adaptees\/\">(Fran\u00e7ais) Activit\u00e9s physiques adapt\u00e9es<\/a><\/li>\n<\/ul>\n<\/li>\n<li class=\"page_item page-item-273 page_item_has_children\"><a href=\"https:\/\/www.ecolecognition.com\/en\/administration\/\">ADMINISTRATION<\/a>\n<ul class='children'>\n\t<li class=\"page_item page-item-64\"><a href=\"https:\/\/www.ecolecognition.com\/en\/administration\/frais-decolage\/\">School fees<\/a><\/li>\n\t<li class=\"page_item page-item-62\"><a href=\"https:\/\/www.ecolecognition.com\/en\/administration\/procedure\/\">Inscriptions<\/a><\/li>\n\t<li class=\"page_item page-item-66\"><a href=\"https:\/\/www.ecolecognition.com\/en\/administration\/calendrier\/\">Calendar<\/a><\/li>\n<\/ul>\n<\/li>\n<li class=\"page_item page-item-68\"><a href=\"https:\/\/www.ecolecognition.com\/en\/nos-partenaires\/\">Our partners<\/a><\/li>\n<li class=\"page_item page-item-70\"><a href=\"https:\/\/www.ecolecognition.com\/en\/contact\/\">CONTACT<\/a><\/li>\n<li class=\"page_item page-item-72\"><a href=\"https:\/\/www.ecolecognition.com\/en\/liens\/\">LINKS<\/a><\/li>\n<li class=\"page_item page-item-74\"><a href=\"https:\/\/www.ecolecognition.com\/en\/plan-du-site\/\">Site map<\/a><\/li>\n\n<\/ul>","protected":false},"excerpt":{"rendered":"<p>Are you looking for a specific page but don\u2019t know where to look? Here is a plan of the website with a structure of the menu:<\/p>\n<p class=\"continue-reading-button\"> <a class=\"continue-reading-link\" href=\"https:\/\/www.ecolecognition.com\/en\/plan-du-site\/\">Continue reading<i class=\"crycon-right-dir\"><\/i><\/a><\/p>\n","protected":false},"author":1,"featured_media":0,"parent":0,"menu_order":7,"comment_status":"closed","ping_status":"closed","template":"","meta":[],"yoast_head":"<!-- This site is optimized with the Yoast SEO plugin v14.7 - https:\/\/yoast.com\/wordpress\/plugins\/seo\/ -->\n<title>Site map - Ecole cognition Gen\u00e8ve<\/title>\n<meta name=\"robots\" content=\"index, follow\" \/>\n<meta name=\"googlebot\" content=\"index, follow, max-snippet:-1, max-image-preview:large, max-video-preview:-1\" \/>\n<meta name=\"bingbot\" content=\"index, follow, max-snippet:-1, max-image-preview:large, max-video-preview:-1\" \/>\n<link rel=\"canonical\" href=\"https:\/\/www.ecolecognition.com\/plan-du-site\/\" \/>\n<meta property=\"og:locale\" content=\"en_US\" \/>\n<meta property=\"og:type\" content=\"article\" \/>\n<meta property=\"og:title\" content=\"[:fr]PLAN DU SITE[:en]Site map[:] - Ecole cognition Gen\u00e8ve\" \/>\n<meta property=\"og:description\" content=\"Are you looking for a specific page but don\u2019t know where to look? Here is a plan of the website with a structure of the menu: Continue reading\" \/>\n<meta property=\"og:url\" content=\"https:\/\/www.ecolecognition.com\/plan-du-site\/\" \/>\n<meta property=\"og:site_name\" content=\"Ecole cognition Gen\u00e8ve\" \/>\n<meta property=\"article:modified_time\" content=\"2017-07-17T17:59:50+00:00\" \/>\n<meta name=\"twitter:card\" content=\"summary\" \/>\n<script type=\"application\/ld+json\" class=\"yoast-schema-graph\">{\"@context\":\"https:\/\/schema.org\",\"@graph\":[{\"@type\":\"WebSite\",\"@id\":\"https:\/\/www.ecolecognition.com\/en\/#website\",\"url\":\"https:\/\/www.ecolecognition.com\/en\/\",\"name\":\"Ecole cognition Gen\\u00e8ve\",\"description\":\"\",\"potentialAction\":[{\"@type\":\"SearchAction\",\"target\":\"https:\/\/www.ecolecognition.com\/en\/?s={search_term_string}\",\"query-input\":\"required name=search_term_string\"}],\"inLanguage\":\"en-US\"},{\"@type\":\"WebPage\",\"@id\":\"https:\/\/www.ecolecognition.com\/plan-du-site\/#webpage\",\"url\":\"https:\/\/www.ecolecognition.com\/plan-du-site\/\",\"name\":\"[:fr]PLAN DU SITE[:en]Site map[:] - Ecole cognition Gen\\u00e8ve\",\"isPartOf\":{\"@id\":\"https:\/\/www.ecolecognition.com\/en\/#website\"},\"datePublished\":\"2017-02-27T15:19:27+00:00\",\"dateModified\":\"2017-07-17T17:59:50+00:00\",\"inLanguage\":\"en-US\",\"potentialAction\":[{\"@type\":\"ReadAction\",\"target\":[\"https:\/\/www.ecolecognition.com\/plan-du-site\/\"]}]}]}<\/script>\n<!-- \/ Yoast SEO plugin. -->","_links":{"self":[{"href":"https:\/\/www.ecolecognition.com\/en\/wp-json\/wp\/v2\/pages\/74"}],"collection":[{"href":"https:\/\/www.ecolecognition.com\/en\/wp-json\/wp\/v2\/pages"}],"about":[{"href":"https:\/\/www.ecolecognition.com\/en\/wp-json\/wp\/v2\/types\/page"}],"author":[{"embeddable":true,"href":"https:\/\/www.ecolecognition.com\/en\/wp-json\/wp\/v2\/users\/1"}],"replies":[{"embeddable":true,"href":"https:\/\/www.ecolecognition.com\/en\/wp-json\/wp\/v2\/comments?post=74"}],"version-history":[{"count":6,"href":"https:\/\/www.ecolecognition.com\/en\/wp-json\/wp\/v2\/pages\/74\/revisions"}],"predecessor-version":[{"id":524,"href":"https:\/\/www.ecolecognition.com\/en\/wp-json\/wp\/v2\/pages\/74\/revisions\/524"}],"wp:attachment":[{"href":"https:\/\/www.ecolecognition.com\/en\/wp-json\/wp\/v2\/media?parent=74"}],"curies":[{"name":"wp","href":"https:\/\/api.w.org\/{rel}","templated":true}]}}