{"id":6,"date":"2017-02-23T14:00:24","date_gmt":"2017-02-23T14:00:24","guid":{"rendered":"http:\/\/www.ecolecognition.com\/?page_id=6"},"modified":"2022-06-02T16:22:29","modified_gmt":"2022-06-02T16:22:29","slug":"page-1","status":"publish","type":"page","link":"https:\/\/www.ecolecognition.com\/en\/","title":{"rendered":"Home"},"content":{"rendered":"Bienvenue<\/p>\n<p>Nous vous souhaitons la bienvenue sur notre site <span style=\"color: #bf000a;\">ECOLE &amp; COGNITION GENEVE<span style=\"color: #000000;\">.<\/span><\/span><\/p>\n<div style=\"width: 900px;\" class=\"wp-video\"><!--[if lt IE 9]><script>document.createElement('video');<\/script><![endif]-->\n<video class=\"wp-video-shortcode\" id=\"video-6-1\" width=\"900\" height=\"506\" preload=\"metadata\" controls=\"controls\"><source type=\"video\/mp4\" src=\"https:\/\/www.ecolecognition.com\/wp-content\/uploads\/2021\/07\/Gym24juin21AliaFinal.mp4?_=1\" \/><a href=\"https:\/\/www.ecolecognition.com\/wp-content\/uploads\/2021\/07\/Gym24juin21AliaFinal.mp4\">https:\/\/www.ecolecognition.com\/wp-content\/uploads\/2021\/07\/Gym24juin21AliaFinal.mp4<\/a><\/video><\/div>\n<p>&nbsp;<\/p>\n<div class=\"su-heading su-heading-style-default su-heading-align-center\" id=\"\" style=\"font-size:13px;margin-bottom:20px\"><div class=\"su-heading-inner\"><span style=\"color: #bf000a;\">Voici quelques raisons pour lesquelles nous sommes si contents de l&#8217;\u00e9cole\u00a0:<\/span><\/div><\/div>\n<ul>\n<li>seule \u00e9cole o\u00f9 Pierre se sent vraiment bien et o\u00f9 il va toujours volontiers\u00a0; quand il arrive le matin, son visage s\u2019illumine d\u00e8s qu\u2019il voit les adultes ou les enfants de l\u2019\u00e9cole\u00a0;<\/li>\n<li>ses enseignantes sont des psychologues sp\u00e9cialis\u00e9es, tr\u00e8s exp\u00e9riment\u00e9es et particuli\u00e8rement investies et elles ont les bons outils pour l&#8217;aider dans les moments d&#8217;anxi\u00e9t\u00e9\u00a0;<\/li>\n<li>le directeur et les enseignantes mettent en avant les comp\u00e9tences de notre fils et semblent toujours croire en lui\u00a0;<\/li>\n<li>suivi personnalis\u00e9\u00a0;<\/li>\n<li>il y a un r\u00e9el partenariat avec les parents, avec une communication en temps r\u00e9el (envoi r\u00e9gulier de photos et petits messages pour nous tenir au courant des progr\u00e8s accomplis), les enseignantes sont tr\u00e8s impliqu\u00e9es et disponibles.<\/li>\n<\/ul>\n<p><span style=\"color: #bf000a;\">Les parents de Pierre<\/span><\/p>\n<p>&nbsp;<\/p>\n<p>Nous avons pris contact avec Roland en 2007, et pu profiter tout de suite de sa disponibilit\u00e9 pour nous aider. Notre fils a travaill\u00e9 6 ans avec Roland et longtemps aussi avec Rachel et Concei\u00e7\u00e3o et, gr\u00e2ce \u00e0 leurs rares qualit\u00e9s humaines et professionnelles, on a r\u00e9ussi \u00e0 l\u2019aider, et ils sont devenus des amis. Soutenu par cette magnifique \u00e9quipe, notre fils a fait tout son parcours \u00e0 l\u2019\u00e9cole ordinaire, toujours avec de tr\u00e8s bons r\u00e9sultats et, aujourd\u2019hui, \u00e0 16 ans, il est au coll\u00e8ge et reste un \u00e9l\u00e8ve \u00e0 haut niveau.<\/p>\n<p><span style=\"color: #bf000a;\">Les parents d\u2019Adolfo<\/span><\/p>\n<p>&nbsp;<\/p>\n<p>Mon fils Elias (16 ans) fr\u00e9quente \u00ab Ecole &amp; Cognition Gen\u00e8ve \u00bb depuis une dizaine d\u2019ann\u00e9es. Au d\u00e9but \u00e0 plein temps, et apr\u00e8s environ 5 ans et son int\u00e9gration partielle dans le syst\u00e8me scolaire genevois, \u00e0 temps partiel.<\/p>\n<p>Depuis le premier jour de son affectation \u00e0 \u00ab Ecole &amp; Cognition Gen\u00e8ve \u00bb, Elias adorait y aller. Il adore ses copines et copains, les enseignantes, le programme scolaire. A propos des enseignantes\u00a0: j\u2019appr\u00e9cie particuli\u00e8rement \u00a0&#8211; \u00e0 c\u00f4t\u00e9 de leurs comp\u00e9tences professionnelles et leur facult\u00e9 de motiver mon fils &#8211; leurs efforts inlassables pour permettre \u00e0 Elias son int\u00e9gration dans des classes de l\u2019\u00e9cole et du cycle d\u2019orientation publics.<\/p>\n<p>Tant sur le plan intellectuel que social, \u00a0Elias a fait des progr\u00e8s consid\u00e9rables pendant ses ann\u00e9es \u00e0 \u00ab Ecole &amp; Cognition Gen\u00e8ve \u00bb, progr\u00e8s qui sont confirm\u00e9s par les r\u00e9sultats des tests effectu\u00e9s. \u00a0Le contact avec les responsables de l\u2019\u00e9cole est simple, efficace et sympathique. Comme parent, je suis r\u00e9guli\u00e8rement inform\u00e9 concernant le programme \u00e9ducatif, les buts des diff\u00e9rents cours ainsi que des progr\u00e8s atteints. La collaboration avec des instances externes fut instaur\u00e9e et maintenue par \u00ab Ecole &amp; Cognition Gen\u00e8ve \u00bb, les r\u00e9unions du r\u00e9seau \u2018Elias\u2019, impliquant l\u2019\u00e9cole, les parents et toutes les instances externes concern\u00e9es ont lieu r\u00e9guli\u00e8rement. Je suis heureux pour mon fils d\u2019avoir eu la chance de pouvoir lui offrir la possibilit\u00e9 de progresser au sein d\u2019\u00ab Ecole &amp; Cognition Gen\u00e8ve \u00bb.<\/p>\n<p><span style=\"color: #bf000a;\">Le p\u00e8re d\u2019Elias<\/span><\/p>\n<p>&nbsp;<\/p>\n<p>Cela fait maintenant bient\u00f4t une ann\u00e9e que Louis est pris en charge par votre \u00e9quipe. Pour rappel, il a d\u2019abord suivi des s\u00e9ances de th\u00e9rapie individuelle, \u00e0 raison d\u2019une s\u00e9ance par semaine sur les deux derniers mois de l\u2019ann\u00e9e scolaire 2019-2020. \u00a0Cela nous a permis, \u00e0 nous parents, de comprendre comment fonctionnait la structure, quelle en \u00e9tait la philosophie, et de confirmer la pertinence de poursuivre cette prise en charge dans le cadre d\u2019un projet scolaire plus cons\u00e9quent l\u2019ann\u00e9e suivante. Pour Louis, \u00e7a a \u00e9t\u00e9 l\u2019occasion de se familiariser avec un nouvel environnement et de nouveaux intervenants.<\/p>\n<p>Nous avons rapidement \u00e9t\u00e9 convaincus que l\u2019Ecole &amp; Cognition pouvait apporter beaucoup \u00e0 Louis, autant sur le plan p\u00e9dagogique que sur celui de la r\u00e9gulation de ses \u00e9motions. Le fait de pouvoir concilier une prise en charge partag\u00e9e avec un CMP, structure dans laquelle il \u00e9tait rattach\u00e9 depuis une ann\u00e9e, a \u00e9t\u00e9 pour nous un plus : cela a permis \u00e0 Louis de conserver une certaine stabilit\u00e9, particuli\u00e8rement bienvenue compte tenu des efforts cons\u00e9quents qu\u2019il avait d\u00fb consentir pour cr\u00e9er des liens autant avec l\u2019\u00e9quipe p\u00e9dagogique qu\u2019avec les autres enfants ; par ailleurs, le fait de pouvoir conserver une partie de la prise en charge scolaire de Louis au sein de l\u2019\u00e9cole publique nous a permis de limiter les co\u00fbts de sa scolarit\u00e9. A l\u2019Ecole &amp; Cognition, nous avons ainsi pu conserver une prise en charge individuelle la moiti\u00e9 du temps (a juste titre plus on\u00e9reuse), et le faire participer \u00e0 la classe l\u2019autre moiti\u00e9.<\/p>\n<p>La solution retenue jusqu\u2019\u00e0 pr\u00e9sent nous semble tout \u00e0 fait ad\u00e9quate. Nous sommes en effet convaincus que la pris en charge individuelle reste b\u00e9n\u00e9fique aujourd\u2019hui pour Louis, qui peut travailler des aspects bien sp\u00e9cifiques pour son d\u00e9veloppement cognitif. En parall\u00e8le, les moments de classe sont pour lui l\u2019occasion de se familiariser au groupe, avec un gros travail de la gestion des \u00e9motions et du rapport aux autres.<\/p>\n<p>Bien que les moments pass\u00e9s \u00e0 l\u2019Ecole &amp; Cognition lui demandent beaucoup en termes d\u2019\u00e9nergie, les progr\u00e8s constat\u00e9s tant sur son comportement que sur son d\u00e9veloppement sont visibles pour toutes les personnes qui l\u2019entourent (famille, \u00e9coles, th\u00e9rapeutes).<\/p>\n<p>Cette \u00e9volution a par ailleurs permis \u00e0 Louis d\u2019\u00eatre plus pos\u00e9 et d\u2019am\u00e9liorer de mani\u00e8re notable la qualit\u00e9 des moments pass\u00e9s dans l\u2019autre structure.<\/p>\n<p>Pour r\u00e9sumer, nous avons trouv\u00e9 en l\u2019Ecole &amp; Cognition le maillon qu\u2019il nous manquait dans le prise en charge de Louis, celui que nous cherchions depuis longtemps. Gr\u00e2ce \u00e0 une \u00e9quipe pleinement comp\u00e9tente et bienveillante, notre fils b\u00e9n\u00e9ficie d\u2019un projet tr\u00e8s coh\u00e9rent pour faire face aux probl\u00e9matiques sp\u00e9cifiques auxquelles il est confront\u00e9, ainsi que d\u2019une prise en charge \u00ab\u00a0sur mesure\u00a0\u00bb parfaitement adapt\u00e9e \u00e0 ses besoins. Ses progr\u00e8s sont cons\u00e9quents depuis le d\u00e9but de sa prise en charge \u00e0 l\u2019Ecole &amp; Cognition. Il n\u2019en reste pas moins que Louis a encore beaucoup de d\u00e9fis devant lui. Nous sommes donc rassur\u00e9s de le savoir entre de bonnes mains, en qui nous avons pleinement confiance, et nous nous r\u00e9jouissons de continuer \u00e0 l\u2019accompagner dans son d\u00e9veloppement avec votre soutien.<\/p>\n<p>En vous remerciant pour tout ce que vous faites,<\/p>\n<p><span style=\"color: #bf000a;\">Les parents de Louis<\/span><\/p>\n<p>&nbsp;<\/p>\n<p>Cognitive School Geneva was a haven to my son and I after several rejections and unpleasant experiences from other educational institutions. The teachers are very qualified and human and immediately identified my son\u2019s strengths as a gateway to resolving his weaknesses. As a parent, I am completely at peace. He loves the school very much. It is gratifying watching him go to school every morning.<\/p>\n<p>A year and a half after starting the school, my son\u2019s behavior in school\/classroom settings has improved with a better understanding of the purpose for school and conforming to classroom rules. He is also more confident with holding the pencil, has an excellent grip and writes well. He is also communicating better and has a fair understanding of both English and French. He has benefited greatly from one-on-one sessions as well as occasional integration in the classroom. The school\u2019s child centered approach ensures that your child is pushed beyond his limits on his strengths and supported greatly on his weaknesses.<\/p>\n<p>The school goes further to encourage him to diversify his foods and be independent with clear life skills. He also benefits from bicycle lessons at no extra cost.<\/p>\n<p>I recommend this school highly to parents with children with special needs. My son has made so much progress. I wish I had discovered the school sooner.<\/p>\n<p><span style=\"color: #bf000a;\">T\u00e9moignage de la maman de K<\/span><\/p>\n<p>&nbsp;<\/p>\n<p>J\u2019ai effectu\u00e9 un stage \u00e0 temps partiel pendant une ann\u00e9e scolaire au sein d\u2019Ecole &amp; Cognition Gen\u00e8ve. Cette exp\u00e9rience a \u00e9t\u00e9 tr\u00e8s enrichissante\u00a0: elle m\u2019a permis de me former aupr\u00e8s de psychop\u00e9dagogues, de rencontrer des profils tr\u00e8s diff\u00e9rents d\u2019\u00e9l\u00e8ves et de les accompagner dans diff\u00e9rentes activit\u00e9s. J\u2019ai aussi pu observer l\u2019\u00e9volution de chacun au fil des mois. Durant cette ann\u00e9e, j\u2019ai eu l\u2019opportunit\u00e9 de mettre en place une activit\u00e9 hebdomadaire de yoga et de respiration\u00a0: elle a permis de faire d\u00e9couvrir cette\u00a0discipline aux \u00e9l\u00e8ves et de leur offrir un moment de d\u00e9tente dans la journ\u00e9e. J\u2019ai appr\u00e9ci\u00e9 d\u2019\u00eatre stagiaire \u00e0 Ecole &amp; Cognition Gen\u00e8ve\u00a0: cette structure permet d\u2019avoir un accompagnement \u00e0 la fois de groupe mais aussi individualis\u00e9, aupr\u00e8s de chaque \u00e9l\u00e8ve.<\/p>\n<p><span style=\"color: #bf000a;\">(Lou, \u00e9tudiante en derni\u00e8re ann\u00e9e de master en psychologie)<\/span><\/p>\n<p>&nbsp;<\/p>\n<p>Mon exp\u00e9rience en tant que stagiaire a \u00e9t\u00e9 des plus enrichissantes, tant sur le plan professionnel que personnel. L\u2019\u00e9quipe, accueillante et chaleureuse, m\u2019a beaucoup appris sur le m\u00e9tier de psychologue aupr\u00e8s d\u2019enfants \u00e0 besoins \u00e9ducatifs particuliers. J\u2019ai pu suivre ces enfants sur le long terme, gr\u00e2ce \u00e0 cela, j\u2019ai pu observer de belles \u00e9volutions, ce qui fut tr\u00e8s gratifiant. Si c\u2019\u00e9tait \u00e0 refaire, je le referais sans h\u00e9siter\u00a0!<\/p>\n<p><span style=\"color: #bf000a;\">(Hana\u00e9)<\/span><\/p>\n<p>&nbsp;<\/p>\n<p>De septembre 2020 \u00e0 juillet 2021, j\u2019ai eu l\u2019opportunit\u00e9 d\u2019effectuer un stage \u00e0\u00a0Ecole &amp; Cognition Gen\u00e8ve. Cela a \u00e9t\u00e9 une exp\u00e9rience tr\u00e8s enrichissante pour moi. En effet, j\u2019ai pu m\u2019immerger dans un contexte professionnalisant au sein duquel l\u2019\u00e9coute, la collaboration, l\u2019empathie, mais aussi la cr\u00e9ativit\u00e9 et la bonne humeur \u00e9taient pr\u00e9sentes chaque jour. Ainsi, j\u2019ai observ\u00e9, pendant pr\u00e8s d\u2019une ann\u00e9e, les progr\u00e8s des enfants dans la classe. Gr\u00e2ce au travail int\u00e8gre des deux enseignantes, les difficult\u00e9s des enfants, ainsi que les opinions des parents, \u00e9taient consid\u00e9r\u00e9es et respect\u00e9es. C\u2019est donc dans une ambiance bienveillante que j\u2019ai pu progresser, m\u2019affirmer et m\u2019\u00e9panouir dans les domaines des troubles du d\u00e9veloppement et de la psychologie. Ce sont les \u00e9changes assidus et le partage de connaissances avec les membres de l\u2019\u00e9quipe pluridisciplinaire qui ont suscit\u00e9 un grand int\u00e9r\u00eat de ma part pour la profession. Aujourd\u2019hui, je peux dire que j\u2019ai enfin trouv\u00e9 ma voie.\u00a0Je remercie infiniment Ecole &amp; Cognition Gen\u00e8ve de leur accueil, de leur confiance et de la chance qui m\u2019a \u00e9t\u00e9 donn\u00e9e pour faire mes preuves.<\/p>\n<p><span style=\"color: #bf000a;\">(Alessandra, \u00e9tudiante \u00e0 la facult\u00e9 de psychologie, master en approches psycho-\u00e9ducatives et situations de handicap)<\/span><\/p>\n<p>&nbsp;<\/p>\n<p>\u00ab\u00a0This is a journey\u00a0that I will\u00a0always\u00a0cherish. Working\u00a0here has helped me develop and broaden\u00a0useful\u00a0knowledge and skills, and helped me in my\u00a0professional\u00a0choices, but most\u00a0importantly, allowed me to have a glimpse\u00a0into the vast world that a child\u00a0is. While challenges are present\u00a0each\u00a0day, each one of them\u00a0always\u00a0turns out to be an opportunity to grow, both for the children, and for everyone\u00a0around\u00a0them. This has been a sincerely\u00a0enriching\u00a0journey\u00a0where I found\u00a0what I was\u00a0looking for in a working\u00a0experience: a place true to their values with\u00a0professional, dedicated \u00a0and caring people, helping and accompanying the children in the best way possible: by knowing and showing\u00a0that\u00a0before\u00a0anything\u00a0else, one is, in fact, a child, with all their\u00a0strengths and\u00a0wonders.\u00a0\u00bb<\/p>\n<p><span style=\"color: #bf000a;\">\u00a0Jelica, bachelor en psychologie et ancienne \u00e9tudiante en Sciences de l\u2019Education<\/span><\/p>\n<p>&nbsp;<\/p>\n<p>\u00ab\u00a0I started\u00a0my\u00a0internship\u00a0after\u00a0completing\u00a0my\u00a0undergraduate in psychology. The school\u00a0offered\u00a0such a welcoming, lively, and friendly\u00a0environment\u00a0that\u00a0it has motivated me to choose\u00a0this\u00a0field as my\u00a0career\u00a0path. The staff offers a supportive\u00a0environment in which\u00a0pupils\u00a0thrive, with an individual\u00a0approach for each\u00a0child. Pupils\u00a0also\u00a0frequently encourage each\u00a0other and help one another in their\u00a0learning. The sense of community and empathy in the school\u00a0makes\u00a0working\u00a0here a truly\u00a0delightful\u00a0experience.\u00a0\u00bb<\/p>\n<p><span style=\"color: #bf000a;\">Maude, bachelor en psychologie<\/span><\/p>\n<p>&nbsp;<\/p>\n<p><span style=\"color: #bf000a;\">ECOLE &amp; COGNITION GENEVE<\/span> fait partie du Centre d&#8217;Education &amp; Th\u00e9rapie cognitive cr\u00e9\u00e9 \u00e0 Gen\u00e8ve. Nos services \u0153uvrent depuis 2000 pour l\u2019accompagnement des enfants en difficult\u00e9 du d\u00e9veloppement et en difficult\u00e9 d\u2019apprentissage. Notre \u00e9cole qui, jusqu\u2019\u00e0 cette ann\u00e9e, \u00e9tait encore consid\u00e9r\u00e9e comme programme de scolarisation \u00e0 domicile a choisi de d\u00e9velopper son activit\u00e9 en tant qu&#8217;\u00e9cole priv\u00e9e autoris\u00e9e par le D\u00e9partement de l&#8217;Instruction Publique. Nous vous invitons \u00e0 d\u00e9couvrir ici nos diff\u00e9rents niveaux de classe, nos valeurs, nos orientations p\u00e9dagogiques, et les contenus acad\u00e9miques propos\u00e9s. Nous esp\u00e9rons r\u00e9pondre \u00e0 vos attentes et nous nous r\u00e9jouissons de vous rencontrer prochainement.<\/p>\n<p><span style=\"color: #bf000a;\">Roland Hifler et toute son \u00e9quipe pluridisciplinaire.<\/span>","protected":false},"excerpt":{"rendered":"<p>Bienvenue Nous vous souhaitons la bienvenue sur notre site ECOLE &amp; COGNITION GENEVE. &nbsp; seule \u00e9cole o\u00f9 Pierre se sent vraiment bien et o\u00f9 il va toujours volontiers\u00a0; quand il arrive le matin, son visage s\u2019illumine d\u00e8s qu\u2019il voit les adultes ou les enfants de l\u2019\u00e9cole\u00a0; ses enseignantes sont des\u2026<\/p>\n<p class=\"continue-reading-button\"> <a class=\"continue-reading-link\" href=\"https:\/\/www.ecolecognition.com\/en\/\">Continue reading<i class=\"crycon-right-dir\"><\/i><\/a><\/p>\n","protected":false},"author":1,"featured_media":0,"parent":0,"menu_order":0,"comment_status":"closed","ping_status":"closed","template":"","meta":[],"yoast_head":"<!-- This site is optimized with the Yoast SEO plugin v14.7 - https:\/\/yoast.com\/wordpress\/plugins\/seo\/ -->\n<title>Home - Ecole cognition Gen\u00e8ve<\/title>\n<meta name=\"robots\" content=\"index, follow\" \/>\n<meta name=\"googlebot\" content=\"index, follow, max-snippet:-1, max-image-preview:large, max-video-preview:-1\" \/>\n<meta name=\"bingbot\" content=\"index, follow, max-snippet:-1, max-image-preview:large, max-video-preview:-1\" \/>\n<link rel=\"canonical\" href=\"https:\/\/www.ecolecognition.com\/\" \/>\n<meta property=\"og:locale\" content=\"en_US\" \/>\n<meta property=\"og:type\" content=\"article\" \/>\n<meta property=\"og:title\" content=\"[:fr]Accueil[:en]Home[:] - Ecole cognition Gen\u00e8ve\" \/>\n<meta property=\"og:description\" content=\"Bienvenue Nous vous souhaitons la bienvenue sur notre site ECOLE &amp; COGNITION GENEVE. &nbsp; seule \u00e9cole o\u00f9 Pierre se sent vraiment bien et o\u00f9 il va toujours volontiers\u00a0; quand il arrive le matin, son visage s\u2019illumine d\u00e8s qu\u2019il voit les adultes ou les enfants de l\u2019\u00e9cole\u00a0; ses enseignantes sont des\u2026 Continue reading\" \/>\n<meta property=\"og:url\" content=\"https:\/\/www.ecolecognition.com\/\" \/>\n<meta property=\"og:site_name\" content=\"Ecole cognition Gen\u00e8ve\" \/>\n<meta property=\"article:modified_time\" content=\"2022-06-02T16:22:29+00:00\" \/>\n<meta name=\"twitter:card\" content=\"summary\" \/>\n<script type=\"application\/ld+json\" class=\"yoast-schema-graph\">{\"@context\":\"https:\/\/schema.org\",\"@graph\":[{\"@type\":\"WebSite\",\"@id\":\"https:\/\/www.ecolecognition.com\/en\/#website\",\"url\":\"https:\/\/www.ecolecognition.com\/en\/\",\"name\":\"Ecole cognition Gen\\u00e8ve\",\"description\":\"\",\"potentialAction\":[{\"@type\":\"SearchAction\",\"target\":\"https:\/\/www.ecolecognition.com\/en\/?s={search_term_string}\",\"query-input\":\"required name=search_term_string\"}],\"inLanguage\":\"en-US\"},{\"@type\":\"WebPage\",\"@id\":\"https:\/\/www.ecolecognition.com\/#webpage\",\"url\":\"https:\/\/www.ecolecognition.com\/\",\"name\":\"[:fr]Accueil[:en]Home[:] - Ecole cognition Gen\\u00e8ve\",\"isPartOf\":{\"@id\":\"https:\/\/www.ecolecognition.com\/en\/#website\"},\"datePublished\":\"2017-02-23T14:00:24+00:00\",\"dateModified\":\"2022-06-02T16:22:29+00:00\",\"inLanguage\":\"en-US\",\"potentialAction\":[{\"@type\":\"ReadAction\",\"target\":[\"https:\/\/www.ecolecognition.com\/\"]}]}]}<\/script>\n<!-- \/ Yoast SEO plugin. -->","_links":{"self":[{"href":"https:\/\/www.ecolecognition.com\/en\/wp-json\/wp\/v2\/pages\/6"}],"collection":[{"href":"https:\/\/www.ecolecognition.com\/en\/wp-json\/wp\/v2\/pages"}],"about":[{"href":"https:\/\/www.ecolecognition.com\/en\/wp-json\/wp\/v2\/types\/page"}],"author":[{"embeddable":true,"href":"https:\/\/www.ecolecognition.com\/en\/wp-json\/wp\/v2\/users\/1"}],"replies":[{"embeddable":true,"href":"https:\/\/www.ecolecognition.com\/en\/wp-json\/wp\/v2\/comments?post=6"}],"version-history":[{"count":58,"href":"https:\/\/www.ecolecognition.com\/en\/wp-json\/wp\/v2\/pages\/6\/revisions"}],"predecessor-version":[{"id":783,"href":"https:\/\/www.ecolecognition.com\/en\/wp-json\/wp\/v2\/pages\/6\/revisions\/783"}],"wp:attachment":[{"href":"https:\/\/www.ecolecognition.com\/en\/wp-json\/wp\/v2\/media?parent=6"}],"curies":[{"name":"wp","href":"https:\/\/api.w.org\/{rel}","templated":true}]}}