{"id":592,"date":"2017-10-13T05:42:14","date_gmt":"2017-10-13T05:42:14","guid":{"rendered":"http:\/\/www.ecolecognition.com\/?page_id=592"},"modified":"2017-10-13T07:37:16","modified_gmt":"2017-10-13T07:37:16","slug":"activites-physiques-adaptees","status":"publish","type":"page","link":"https:\/\/www.ecolecognition.com\/en\/les-classes\/activites-physiques-adaptees\/","title":{"rendered":"(Fran\u00e7ais) Activit\u00e9s physiques adapt\u00e9es"},"content":{"rendered":"<p class=\"qtranxs-available-languages-message qtranxs-available-languages-message-en\">Sorry, this entry is only available in <a href=\"https:\/\/www.ecolecognition.com\/fr\/wp-json\/wp\/v2\/pages\/592\" class=\"qtranxs-available-language-link qtranxs-available-language-link-fr\" title=\"Fran\u00e7ais\">French<\/a>.<\/p>","protected":false},"excerpt":{"rendered":"<p>Sorry, this entry is only available in French.<\/p>\n<p class=\"continue-reading-button\"> <a class=\"continue-reading-link\" href=\"https:\/\/www.ecolecognition.com\/en\/les-classes\/activites-physiques-adaptees\/\">Continue reading<i class=\"crycon-right-dir\"><\/i><\/a><\/p>\n","protected":false},"author":1,"featured_media":0,"parent":45,"menu_order":5,"comment_status":"closed","ping_status":"closed","template":"","meta":[],"yoast_head":"<!-- This site is optimized with the Yoast SEO plugin v14.7 - https:\/\/yoast.com\/wordpress\/plugins\/seo\/ -->\n<title><\/title>\n<meta name=\"robots\" content=\"index, follow\" \/>\n<meta name=\"googlebot\" content=\"index, follow, max-snippet:-1, max-image-preview:large, max-video-preview:-1\" \/>\n<meta name=\"bingbot\" content=\"index, follow, max-snippet:-1, max-image-preview:large, max-video-preview:-1\" \/>\n<link rel=\"canonical\" href=\"https:\/\/www.ecolecognition.com\/les-classes\/activites-physiques-adaptees\/\" \/>\n<meta property=\"og:locale\" content=\"en_US\" \/>\n<meta property=\"og:type\" content=\"article\" \/>\n<meta property=\"og:title\" content=\"[:fr]Activit\u00e9s physiques adapt\u00e9es[:] - Ecole cognition Gen\u00e8ve\" \/>\n<meta property=\"og:description\" content=\"Sorry, this entry is only available in French. Continue reading\" \/>\n<meta property=\"og:url\" content=\"https:\/\/www.ecolecognition.com\/les-classes\/activites-physiques-adaptees\/\" \/>\n<meta property=\"og:site_name\" content=\"Ecole cognition Gen\u00e8ve\" \/>\n<meta property=\"article:modified_time\" content=\"2017-10-13T07:37:16+00:00\" \/>\n<meta name=\"twitter:card\" content=\"summary\" \/>\n<script type=\"application\/ld+json\" class=\"yoast-schema-graph\">{\"@context\":\"https:\/\/schema.org\",\"@graph\":[{\"@type\":\"WebSite\",\"@id\":\"https:\/\/www.ecolecognition.com\/en\/#website\",\"url\":\"https:\/\/www.ecolecognition.com\/en\/\",\"name\":\"Ecole cognition Gen\\u00e8ve\",\"description\":\"\",\"potentialAction\":[{\"@type\":\"SearchAction\",\"target\":\"https:\/\/www.ecolecognition.com\/en\/?s={search_term_string}\",\"query-input\":\"required name=search_term_string\"}],\"inLanguage\":\"en-US\"},{\"@type\":\"WebPage\",\"@id\":\"https:\/\/www.ecolecognition.com\/les-classes\/activites-physiques-adaptees\/#webpage\",\"url\":\"https:\/\/www.ecolecognition.com\/les-classes\/activites-physiques-adaptees\/\",\"name\":\"[:fr]Activit\\u00e9s physiques adapt\\u00e9es[:] - Ecole cognition Gen\\u00e8ve\",\"isPartOf\":{\"@id\":\"https:\/\/www.ecolecognition.com\/en\/#website\"},\"datePublished\":\"2017-10-13T05:42:14+00:00\",\"dateModified\":\"2017-10-13T07:37:16+00:00\",\"inLanguage\":\"en-US\",\"potentialAction\":[{\"@type\":\"ReadAction\",\"target\":[\"https:\/\/www.ecolecognition.com\/les-classes\/activites-physiques-adaptees\/\"]}]}]}<\/script>\n<!-- \/ Yoast SEO plugin. -->","_links":{"self":[{"href":"https:\/\/www.ecolecognition.com\/en\/wp-json\/wp\/v2\/pages\/592"}],"collection":[{"href":"https:\/\/www.ecolecognition.com\/en\/wp-json\/wp\/v2\/pages"}],"about":[{"href":"https:\/\/www.ecolecognition.com\/en\/wp-json\/wp\/v2\/types\/page"}],"author":[{"embeddable":true,"href":"https:\/\/www.ecolecognition.com\/en\/wp-json\/wp\/v2\/users\/1"}],"replies":[{"embeddable":true,"href":"https:\/\/www.ecolecognition.com\/en\/wp-json\/wp\/v2\/comments?post=592"}],"version-history":[{"count":7,"href":"https:\/\/www.ecolecognition.com\/en\/wp-json\/wp\/v2\/pages\/592\/revisions"}],"predecessor-version":[{"id":602,"href":"https:\/\/www.ecolecognition.com\/en\/wp-json\/wp\/v2\/pages\/592\/revisions\/602"}],"up":[{"embeddable":true,"href":"https:\/\/www.ecolecognition.com\/en\/wp-json\/wp\/v2\/pages\/45"}],"wp:attachment":[{"href":"https:\/\/www.ecolecognition.com\/en\/wp-json\/wp\/v2\/media?parent=592"}],"curies":[{"name":"wp","href":"https:\/\/api.w.org\/{rel}","templated":true}]}}