{"id":36,"date":"2017-02-27T15:10:27","date_gmt":"2017-02-27T15:10:27","guid":{"rendered":"http:\/\/www.ecolecognition.com\/?page_id=36"},"modified":"2017-07-13T18:48:40","modified_gmt":"2017-07-13T18:48:40","slug":"la-recherche","status":"publish","type":"page","link":"https:\/\/www.ecolecognition.com\/en\/notre-ecole\/la-recherche\/","title":{"rendered":"Research"},"content":{"rendered":"<span style=\"color: #bf000a;\">COGNITIVE EDUCATION<\/span><\/p>\n<p>Originating in the multidisciplinary field of cognitive sciences, cognitive education represents specific branch of cognitive therapy pertaining to education. This current is mainly based on the theoretical work of researchers such as Jean Piaget, Jerome Bruner, Lev Vygotsky, Reuven Feuerstein and H. Carl Haywood. Up until now, the main methods that have been developed and translated into practical programmes are: the logical reasoning workshops, the Instrumental Enrichment programme and the Bright Start curriculum for young children.<\/p>\n<p>Theoretical references and research studies on cognitive remediation in the field of education are presented below :<\/p>\n<p><a href=\"https:\/\/www.ecolecognition.com\/wp-content\/uploads\/2017\/02\/Ed_Cog_Ecole.pdf\" target=\"_blank\" rel=\"noopener noreferrer\">L&#8217;\u00e9ducation cognitive \u00e0 l&#8217;\u00e9cole (1990)<\/a><\/p>\n<p><a href=\"https:\/\/www.ecolecognition.com\/wp-content\/uploads\/2017\/02\/Reme\u0301diation_cognitive_Paour.pdf\" target=\"_blank\" rel=\"noopener noreferrer\">Pour une pratique constructiviste de la rem\u00e9diation cognitive (2009)<\/a><\/p>\n<p><a href=\"https:\/\/www.ecolecognition.com\/wp-content\/uploads\/2017\/02\/Une-intervention-cognitive-pr\u00e9coce-R.H-2013-pdf.pdf\" target=\"_blank\" rel=\"noopener noreferrer\">Une intervention cognitive pr\u00e9coce: Int\u00e9grer intelligence et affectivit\u00e9 pour traiter l&#8217;autisme (2013)<\/a><\/p>\n<p><a href=\"https:\/\/www.ecolecognition.com\/wp-content\/uploads\/2017\/02\/Current_views_Cognitive_education_MH-CHS1.pdf\" target=\"_blank\" rel=\"noopener noreferrer\">Current views on cognitive education: A critical discussion and future perspectives (2013)<\/a><\/p>\n<p><a href=\"https:\/\/www.ecolecognition.com\/wp-content\/uploads\/2017\/02\/HesselsSchlatterEtAl_FosteringSRL_20172.pdf\" target=\"_blank\" rel=\"noopener noreferrer\">Fostering self-reguated learning: From clinical to whole class interventions (2017)<\/a><\/p>\n<p><a href=\"https:\/\/www.ecolecognition.com\/wp-content\/uploads\/2017\/02\/Learning_strategy_instruction2.pdf\" target=\"_blank\" rel=\"noopener noreferrer\">Effectiveness of learning strategy instruction on academic performance: A meta-analysis (2014)<\/a>","protected":false},"excerpt":{"rendered":"<p>COGNITIVE EDUCATION Originating in the multidisciplinary field of cognitive sciences, cognitive education represents specific branch of cognitive therapy pertaining to education. This current is mainly based on the theoretical work of researchers such as Jean Piaget, Jerome Bruner, Lev Vygotsky, Reuven Feuerstein and H. Carl Haywood. Up until now, the\u2026<\/p>\n<p class=\"continue-reading-button\"> <a class=\"continue-reading-link\" href=\"https:\/\/www.ecolecognition.com\/en\/notre-ecole\/la-recherche\/\">Continue reading<i class=\"crycon-right-dir\"><\/i><\/a><\/p>\n","protected":false},"author":1,"featured_media":0,"parent":29,"menu_order":3,"comment_status":"closed","ping_status":"closed","template":"","meta":[],"yoast_head":"<!-- This site is optimized with the Yoast SEO plugin v14.7 - https:\/\/yoast.com\/wordpress\/plugins\/seo\/ -->\n<title>Research - Ecole cognition Gen\u00e8ve<\/title>\n<meta name=\"robots\" content=\"index, follow\" \/>\n<meta name=\"googlebot\" content=\"index, follow, max-snippet:-1, max-image-preview:large, max-video-preview:-1\" \/>\n<meta name=\"bingbot\" content=\"index, follow, max-snippet:-1, max-image-preview:large, max-video-preview:-1\" \/>\n<link rel=\"canonical\" href=\"https:\/\/www.ecolecognition.com\/notre-ecole\/la-recherche\/\" \/>\n<meta property=\"og:locale\" content=\"en_US\" \/>\n<meta property=\"og:type\" content=\"article\" \/>\n<meta property=\"og:title\" content=\"[:fr]La recherche[:en]Research[:] - Ecole cognition Gen\u00e8ve\" \/>\n<meta property=\"og:description\" content=\"COGNITIVE EDUCATION Originating in the multidisciplinary field of cognitive sciences, cognitive education represents specific branch of cognitive therapy pertaining to education. This current is mainly based on the theoretical work of researchers such as Jean Piaget, Jerome Bruner, Lev Vygotsky, Reuven Feuerstein and H. Carl Haywood. Up until now, the\u2026 Continue reading\" \/>\n<meta property=\"og:url\" content=\"https:\/\/www.ecolecognition.com\/notre-ecole\/la-recherche\/\" \/>\n<meta property=\"og:site_name\" content=\"Ecole cognition Gen\u00e8ve\" \/>\n<meta property=\"article:modified_time\" content=\"2017-07-13T18:48:40+00:00\" \/>\n<meta name=\"twitter:card\" content=\"summary\" \/>\n<script type=\"application\/ld+json\" class=\"yoast-schema-graph\">{\"@context\":\"https:\/\/schema.org\",\"@graph\":[{\"@type\":\"WebSite\",\"@id\":\"https:\/\/www.ecolecognition.com\/en\/#website\",\"url\":\"https:\/\/www.ecolecognition.com\/en\/\",\"name\":\"Ecole cognition Gen\\u00e8ve\",\"description\":\"\",\"potentialAction\":[{\"@type\":\"SearchAction\",\"target\":\"https:\/\/www.ecolecognition.com\/en\/?s={search_term_string}\",\"query-input\":\"required name=search_term_string\"}],\"inLanguage\":\"en-US\"},{\"@type\":\"WebPage\",\"@id\":\"https:\/\/www.ecolecognition.com\/notre-ecole\/la-recherche\/#webpage\",\"url\":\"https:\/\/www.ecolecognition.com\/notre-ecole\/la-recherche\/\",\"name\":\"[:fr]La recherche[:en]Research[:] - Ecole cognition Gen\\u00e8ve\",\"isPartOf\":{\"@id\":\"https:\/\/www.ecolecognition.com\/en\/#website\"},\"datePublished\":\"2017-02-27T15:10:27+00:00\",\"dateModified\":\"2017-07-13T18:48:40+00:00\",\"inLanguage\":\"en-US\",\"potentialAction\":[{\"@type\":\"ReadAction\",\"target\":[\"https:\/\/www.ecolecognition.com\/notre-ecole\/la-recherche\/\"]}]}]}<\/script>\n<!-- \/ Yoast SEO plugin. -->","_links":{"self":[{"href":"https:\/\/www.ecolecognition.com\/en\/wp-json\/wp\/v2\/pages\/36"}],"collection":[{"href":"https:\/\/www.ecolecognition.com\/en\/wp-json\/wp\/v2\/pages"}],"about":[{"href":"https:\/\/www.ecolecognition.com\/en\/wp-json\/wp\/v2\/types\/page"}],"author":[{"embeddable":true,"href":"https:\/\/www.ecolecognition.com\/en\/wp-json\/wp\/v2\/users\/1"}],"replies":[{"embeddable":true,"href":"https:\/\/www.ecolecognition.com\/en\/wp-json\/wp\/v2\/comments?post=36"}],"version-history":[{"count":11,"href":"https:\/\/www.ecolecognition.com\/en\/wp-json\/wp\/v2\/pages\/36\/revisions"}],"predecessor-version":[{"id":495,"href":"https:\/\/www.ecolecognition.com\/en\/wp-json\/wp\/v2\/pages\/36\/revisions\/495"}],"up":[{"embeddable":true,"href":"https:\/\/www.ecolecognition.com\/en\/wp-json\/wp\/v2\/pages\/29"}],"wp:attachment":[{"href":"https:\/\/www.ecolecognition.com\/en\/wp-json\/wp\/v2\/media?parent=36"}],"curies":[{"name":"wp","href":"https:\/\/api.w.org\/{rel}","templated":true}]}}